{"id":39636,"date":"2023-11-27T20:12:02","date_gmt":"2023-11-27T19:12:02","guid":{"rendered":"https:\/\/wmi.uwr.edu.pl\/?page_id=39636"},"modified":"2024-12-14T12:05:06","modified_gmt":"2024-12-14T11:05:06","slug":"english-history","status":"publish","type":"page","link":"https:\/\/wmi.uwr.edu.pl\/en\/english-history\/","title":{"rendered":"History of the Faculty"},"content":{"rendered":"\n<div class=\"wp-block-ugb-container ugb-container blok_nowa_podstrona ugb-8dda971 ugb-container--v2 ugb-container--design-plain ugb-main-block\"><div class=\"ugb-inner-block\"><div class=\"ugb-block-content\"><div class=\"ugb-container__wrapper ugb-8dda971-wrapper\"><div class=\"ugb-container__side\"><div class=\"ugb-container__content-wrapper ugb-8dda971-content-wrapper\">\n<div class=\"wp-block-columns bs-news-page is-layout-flex wp-block-columns-is-layout-flex\">\n<div class=\"wp-block-column bs-kontakt-photo is-layout-flow wp-block-column-is-layout-flow\">\n<figure class=\"wp-block-image size-full\"><img decoding=\"async\" src=\"https:\/\/wmi.uwr.edu.pl\/wp-content\/uploads\/sites\/288\/2023\/04\/5_prof.jpg\" alt=\"Pieciu matematykow\" class=\"wp-image-33229\"\/><\/figure>\n<\/div>\n\n\n\n<div class=\"wp-block-column bs-contact-right-column is-layout-flow wp-block-column-is-layout-flow\">\n<div class=\"wp-block-bonasoft-modular-breadcrumbs-block\"><div class=\"bs_add_breadcrumb_trail\"><\/div><\/div>\n\n\n\n<hr class=\"wp-block-separator has-text-color has-black-color has-css-opacity has-black-background-color has-background is-style-wide bs-border-kontakt\"\/>\n\n\n\n<h1 class=\"wp-block-heading bs-naglowek-podstrony\"><strong>History of the Faculty<\/strong><\/h1>\n\n\n<div class=\"bs__links\">\r\n    <div class=\"bs__links__section\">\r\n        <ul class=\"bs__links__list\">\r\n                            <li class=\"bs__links__list__item\">\r\n                    <a href=\"http:\/\/www.7cudow.eu\/pl\/eksponaty\/wroclawska-szkola-matematyczna\/\" class=\"bs__links__list__item__link\">\r\n                        Wroclaw School of Mathematics on the Exibition &#8220;7 cud\u00f3w Wroc\u0142awia&#8221; \r\n                        <div class=\"bs__links__list__item__link__before__icon\">\r\n                            <div class=\"bs__links__list__item__link__icon\">\r\n                                <svg width=\"40px\" height=\"40px\" viewBox=\"0 0 22 16\" version=\"1.1\">\r\n                                <g stroke=\"none\" strokeWidth=\"1\" fill=\"black\" fillRule=\"evenodd\">\r\n                                    <g>\r\n                                    <polygon points=\"13.4875 0 12 1.6215 18.7875 8 12 14.3795 13.4875 16 21.9995 8\" \/>\r\n                                    <\/g>\r\n                                <\/g>\r\n                                <\/svg>\r\n                            <\/div>\r\n                        <\/div>\r\n                    <\/a>\r\n                <li>\r\n                            <li class=\"bs__links__list__item\">\r\n                    <a href=\"#fakultet\" class=\"bs__links__list__item__link\">\r\n                        History of the Faculty  \r\n                        <div class=\"bs__links__list__item__link__before__icon\">\r\n                            <div class=\"bs__links__list__item__link__icon\">\r\n                                <svg width=\"40px\" height=\"40px\" viewBox=\"0 0 22 16\" version=\"1.1\">\r\n                                <g stroke=\"none\" strokeWidth=\"1\" fill=\"black\" fillRule=\"evenodd\">\r\n                                    <g>\r\n                                    <polygon points=\"13.4875 0 12 1.6215 18.7875 8 12 14.3795 13.4875 16 21.9995 8\" \/>\r\n                                    <\/g>\r\n                                <\/g>\r\n                                <\/svg>\r\n                            <\/div>\r\n                        <\/div>\r\n                    <\/a>\r\n                <li>\r\n                    <\/ul>\r\n    <\/div>\r\n<\/div><\/div>\n<\/div>\n\n\n\n<h2 class=\"wp-block-heading\">History of mathematics at University of Wroc\u0142aw since 1702<\/h2>\n\n\n\n<div class=\"wp-block-ugb-container ugb-container bs-news-page-under ugb-f8694ce ugb-container--v2 ugb-container--design-plain ugb-main-block\"><div class=\"ugb-inner-block\"><div class=\"ugb-block-content\"><div class=\"ugb-container__wrapper ugb-f8694ce-wrapper\"><div class=\"ugb-container__side\"><div class=\"ugb-container__content-wrapper ugb-f8694ce-content-wrapper\">\n<ul class=\"wp-block-list\">\n<li>1702 &#8211; The Faculty of Philosophy with School in Logic and in Physics and Metaphysics was established at Academy of Sciences Leopoldina.<\/li>\n\n\n\n<li>1945 &#8211; The Faculty of Mathematics, Physics and Chemistry of University of Wroc\u0142aw and Technical University of Wroc\u0142aw was founded.<br>The first dean was\u00a0<a href=\"https:\/\/en.wikipedia.org\/wiki\/Hugo_Steinhaus\">prof. Hugo Steinhaus<\/a>.<\/li>\n\n\n\n<li>1951 &#8211; The Technical University of Wroc\u0142aw separated from University of Wroc\u0142aw. The Faculty of Mathematics and Physics of University of Wroc\u0142aw was established.<\/li>\n\n\n\n<li>1954 &#8211; The Faculty of Mathematics, Physics and Chemistry was established.<\/li>\n\n\n\n<li>1995 &#8211; The Faculty has split into Faculty of Chemistry and Faculty of Mathematics and Physics.<\/li>\n\n\n\n<li>1996 &#8211; The Faculty has split into Faculty of Physics and Astronomy and Faculty of Mathematics and Computer Science.<br>The first dean of the the Faculty of Mathematics and Computer Science was prof. W\u0142adys\u0142aw Narkiewicz.<\/li>\n\n\n\n<li>1999 &#8211; 2002 &#8211; The Dean: prof. Ryszard Szwarc.<\/li>\n\n\n\n<li>2002 &#8211; 2005 &#8211; The Dean: prof. Ryszard Szekli.<\/li>\n\n\n\n<li>2005 &#8211; 2008 &#8211; The Dean: prof. Tomasz Rolski.<\/li>\n\n\n\n<li>2008-2016 &#8211; The Dean: prof. Piotr Biler.<\/li>\n\n\n\n<li>2016-2024 -The Dean: prof. Tomasz Jurdzi\u0144ski.<\/li>\n\n\n\n<li>2024- &#8211; The Dean: prof. Dariusz Buraczewski.<\/li>\n<\/ul>\n<\/div><\/div><\/div><\/div><\/div><\/div>\n<\/div><\/div><\/div><\/div><\/div><\/div>\n","protected":false},"excerpt":{"rendered":"<p>History of the Faculty History of mathematics at University of Wroc\u0142aw since 1702<\/p>\n","protected":false},"author":4152,"featured_media":0,"parent":0,"menu_order":0,"comment_status":"closed","ping_status":"closed","template":"","meta":{"_acf_changed":false,"inline_featured_image":false,"site-sidebar-layout":"default","site-content-layout":"","ast-site-content-layout":"default","site-content-style":"default","site-sidebar-style":"default","ast-global-header-display":"","ast-banner-title-visibility":"","ast-main-header-display":"","ast-hfb-above-header-display":"","ast-hfb-below-header-display":"","ast-hfb-mobile-header-display":"","site-post-title":"","ast-breadcrumbs-content":"","ast-featured-img":"","footer-sml-layout":"","ast-disable-related-posts":"","theme-transparent-header-meta":"","adv-header-id-meta":"","stick-header-meta":"","header-above-stick-meta":"","header-main-stick-meta":"","header-below-stick-meta":"","astra-migrate-meta-layouts":"set","ast-page-background-enabled":"default","ast-page-background-meta":{"desktop":{"background-color":"var(--ast-global-color-5)","background-image":"","background-repeat":"repeat","background-position":"center center","background-size":"auto","background-attachment":"scroll","background-type":"","background-media":"","overlay-type":"","overlay-color":"","overlay-opacity":"","overlay-gradient":""},"tablet":{"background-color":"","background-image":"","background-repeat":"repeat","background-position":"center center","background-size":"auto","background-attachment":"scroll","background-type":"","background-media":"","overlay-type":"","overlay-color":"","overlay-opacity":"","overlay-gradient":""},"mobile":{"background-color":"","background-image":"","background-repeat":"repeat","background-position":"center center","background-size":"auto","background-attachment":"scroll","background-type":"","background-media":"","overlay-type":"","overlay-color":"","overlay-opacity":"","overlay-gradient":""}},"ast-content-background-meta":{"desktop":{"background-color":"var(--ast-global-color-4)","background-image":"","background-repeat":"repeat","background-position":"center center","background-size":"auto","background-attachment":"scroll","background-type":"","background-media":"","overlay-type":"","overlay-color":"","overlay-opacity":"","overlay-gradient":""},"tablet":{"background-color":"var(--ast-global-color-4)","background-image":"","background-repeat":"repeat","background-position":"center center","background-size":"auto","background-attachment":"scroll","background-type":"","background-media":"","overlay-type":"","overlay-color":"","overlay-opacity":"","overlay-gradient":""},"mobile":{"background-color":"var(--ast-global-color-4)","background-image":"","background-repeat":"repeat","background-position":"center center","background-size":"auto","background-attachment":"scroll","background-type":"","background-media":"","overlay-type":"","overlay-color":"","overlay-opacity":"","overlay-gradient":""}},"footnotes":""},"categories":[],"tags":[],"class_list":["post-39636","page","type-page","status-publish","hentry"],"featured_image_urls_v2":{"full":"","thumbnail":"","medium":"","medium_large":"","large":"","1536x1536":"","2048x2048":"","menu-24x24":"","menu-36x36":"","menu-48x48":""},"post_excerpt_stackable_v2":"<p>History of the Faculty Wroclaw School of Mathematics on the Exibition &#8220;7 cud\u00f3w Wroc\u0142awia&#8221; History of the Faculty History of mathematics at University of Wroc\u0142aw since 1702 1702 &#8211; The Faculty of Philosophy with School in Logic and in Physics and Metaphysics was established at Academy of Sciences Leopoldina. 1945 &#8211; The Faculty of Mathematics, Physics and Chemistry of University of Wroc\u0142aw and Technical University of Wroc\u0142aw was founded.The first dean was\u00a0prof. Hugo Steinhaus. 1951 &#8211; The Technical University of Wroc\u0142aw separated from University of Wroc\u0142aw. The Faculty of Mathematics and Physics of University of Wroc\u0142aw was established. 1954 &#8211;&hellip;<\/p>\n","category_list_v2":"Uncategorized","author_info_v2":{"name":"pborodulinnadzieja","url":"https:\/\/wmi.uwr.edu.pl\/en\/author\/pborodulinnadzieja\/"},"comments_num_v2":"0 comments","acf":[],"yoast_head":"<!-- This site is optimized with the Yoast SEO plugin v27.1.1 - https:\/\/yoast.com\/product\/yoast-seo-wordpress\/ -->\n<title>History of the Faculty - Wydzia\u0142 Matematyki i Informatyki<\/title>\n<meta name=\"robots\" content=\"index, follow, max-snippet:-1, max-image-preview:large, max-video-preview:-1\" \/>\n<link rel=\"canonical\" href=\"https:\/\/wmi.uwr.edu.pl\/en\/english-history\/\" \/>\n<meta property=\"og:locale\" content=\"en_US\" \/>\n<meta property=\"og:type\" content=\"article\" \/>\n<meta property=\"og:title\" content=\"History of the Faculty - Wydzia\u0142 Matematyki i Informatyki\" \/>\n<meta property=\"og:description\" content=\"History of the Faculty History of mathematics at University of Wroc\u0142aw since 1702\" \/>\n<meta property=\"og:url\" content=\"https:\/\/wmi.uwr.edu.pl\/en\/english-history\/\" \/>\n<meta property=\"og:site_name\" content=\"Wydzia\u0142 Matematyki i Informatyki\" \/>\n<meta property=\"article:modified_time\" content=\"2024-12-14T11:05:06+00:00\" \/>\n<meta property=\"og:image\" content=\"https:\/\/wmi.uwr.edu.pl\/wp-content\/uploads\/sites\/288\/2023\/04\/5_prof.jpg\" \/>\n<meta name=\"twitter:card\" content=\"summary_large_image\" \/>\n<meta name=\"twitter:label1\" content=\"Est. reading time\" \/>\n\t<meta name=\"twitter:data1\" content=\"2 minutes\" \/>\n<script type=\"application\/ld+json\" class=\"yoast-schema-graph\">{\"@context\":\"https:\/\/schema.org\",\"@graph\":[{\"@type\":\"WebPage\",\"@id\":\"https:\/\/wmi.uwr.edu.pl\/en\/english-history\/\",\"url\":\"https:\/\/wmi.uwr.edu.pl\/en\/english-history\/\",\"name\":\"History of the Faculty - Wydzia\u0142 Matematyki i Informatyki\",\"isPartOf\":{\"@id\":\"https:\/\/wmi.uwr.edu.pl\/#website\"},\"primaryImageOfPage\":{\"@id\":\"https:\/\/wmi.uwr.edu.pl\/en\/english-history\/#primaryimage\"},\"image\":{\"@id\":\"https:\/\/wmi.uwr.edu.pl\/en\/english-history\/#primaryimage\"},\"thumbnailUrl\":\"https:\/\/wmi.uwr.edu.pl\/wp-content\/uploads\/sites\/288\/2023\/04\/5_prof.jpg\",\"datePublished\":\"2023-11-27T19:12:02+00:00\",\"dateModified\":\"2024-12-14T11:05:06+00:00\",\"breadcrumb\":{\"@id\":\"https:\/\/wmi.uwr.edu.pl\/en\/english-history\/#breadcrumb\"},\"inLanguage\":\"en-US\",\"potentialAction\":[{\"@type\":\"ReadAction\",\"target\":[\"https:\/\/wmi.uwr.edu.pl\/en\/english-history\/\"]}]},{\"@type\":\"ImageObject\",\"inLanguage\":\"en-US\",\"@id\":\"https:\/\/wmi.uwr.edu.pl\/en\/english-history\/#primaryimage\",\"url\":\"https:\/\/wmi.uwr.edu.pl\/wp-content\/uploads\/sites\/288\/2023\/04\/5_prof.jpg\",\"contentUrl\":\"https:\/\/wmi.uwr.edu.pl\/wp-content\/uploads\/sites\/288\/2023\/04\/5_prof.jpg\"},{\"@type\":\"BreadcrumbList\",\"@id\":\"https:\/\/wmi.uwr.edu.pl\/en\/english-history\/#breadcrumb\",\"itemListElement\":[{\"@type\":\"ListItem\",\"position\":1,\"name\":\"Strona g\u0142\u00f3wna\",\"item\":\"https:\/\/wmi.uwr.edu.pl\/en\/\"},{\"@type\":\"ListItem\",\"position\":2,\"name\":\"History of the Faculty\"}]},{\"@type\":\"WebSite\",\"@id\":\"https:\/\/wmi.uwr.edu.pl\/#website\",\"url\":\"https:\/\/wmi.uwr.edu.pl\/\",\"name\":\"Wydzia\u0142 Matematyki i Informatyki\",\"description\":\"Kolejna witryna sieci \u201eUWR Witryny\u201d\",\"publisher\":{\"@id\":\"https:\/\/wmi.uwr.edu.pl\/#organization\"},\"potentialAction\":[{\"@type\":\"SearchAction\",\"target\":{\"@type\":\"EntryPoint\",\"urlTemplate\":\"https:\/\/wmi.uwr.edu.pl\/?s={search_term_string}\"},\"query-input\":{\"@type\":\"PropertyValueSpecification\",\"valueRequired\":true,\"valueName\":\"search_term_string\"}}],\"inLanguage\":\"en-US\"},{\"@type\":\"Organization\",\"@id\":\"https:\/\/wmi.uwr.edu.pl\/#organization\",\"name\":\"Wydzia\u0142 Matematyki i Informatyki\",\"url\":\"https:\/\/wmi.uwr.edu.pl\/\",\"logo\":{\"@type\":\"ImageObject\",\"inLanguage\":\"en-US\",\"@id\":\"https:\/\/wmi.uwr.edu.pl\/#\/schema\/logo\/image\/\",\"url\":\"https:\/\/wmi.uwr.edu.pl\/wp-content\/uploads\/sites\/288\/2025\/10\/UWr-logotyp-2025.png\",\"contentUrl\":\"https:\/\/wmi.uwr.edu.pl\/wp-content\/uploads\/sites\/288\/2025\/10\/UWr-logotyp-2025.png\",\"width\":764,\"height\":269,\"caption\":\"Wydzia\u0142 Matematyki i Informatyki\"},\"image\":{\"@id\":\"https:\/\/wmi.uwr.edu.pl\/#\/schema\/logo\/image\/\"}}]}<\/script>\n<!-- \/ Yoast SEO plugin. -->","yoast_head_json":{"title":"History of the Faculty - Wydzia\u0142 Matematyki i Informatyki","robots":{"index":"index","follow":"follow","max-snippet":"max-snippet:-1","max-image-preview":"max-image-preview:large","max-video-preview":"max-video-preview:-1"},"canonical":"https:\/\/wmi.uwr.edu.pl\/en\/english-history\/","og_locale":"en_US","og_type":"article","og_title":"History of the Faculty - Wydzia\u0142 Matematyki i Informatyki","og_description":"History of the Faculty History of mathematics at University of Wroc\u0142aw since 1702","og_url":"https:\/\/wmi.uwr.edu.pl\/en\/english-history\/","og_site_name":"Wydzia\u0142 Matematyki i Informatyki","article_modified_time":"2024-12-14T11:05:06+00:00","og_image":[{"url":"https:\/\/wmi.uwr.edu.pl\/wp-content\/uploads\/sites\/288\/2023\/04\/5_prof.jpg","type":"","width":"","height":""}],"twitter_card":"summary_large_image","twitter_misc":{"Est. reading time":"2 minutes"},"schema":{"@context":"https:\/\/schema.org","@graph":[{"@type":"WebPage","@id":"https:\/\/wmi.uwr.edu.pl\/en\/english-history\/","url":"https:\/\/wmi.uwr.edu.pl\/en\/english-history\/","name":"History of the Faculty - Wydzia\u0142 Matematyki i Informatyki","isPartOf":{"@id":"https:\/\/wmi.uwr.edu.pl\/#website"},"primaryImageOfPage":{"@id":"https:\/\/wmi.uwr.edu.pl\/en\/english-history\/#primaryimage"},"image":{"@id":"https:\/\/wmi.uwr.edu.pl\/en\/english-history\/#primaryimage"},"thumbnailUrl":"https:\/\/wmi.uwr.edu.pl\/wp-content\/uploads\/sites\/288\/2023\/04\/5_prof.jpg","datePublished":"2023-11-27T19:12:02+00:00","dateModified":"2024-12-14T11:05:06+00:00","breadcrumb":{"@id":"https:\/\/wmi.uwr.edu.pl\/en\/english-history\/#breadcrumb"},"inLanguage":"en-US","potentialAction":[{"@type":"ReadAction","target":["https:\/\/wmi.uwr.edu.pl\/en\/english-history\/"]}]},{"@type":"ImageObject","inLanguage":"en-US","@id":"https:\/\/wmi.uwr.edu.pl\/en\/english-history\/#primaryimage","url":"https:\/\/wmi.uwr.edu.pl\/wp-content\/uploads\/sites\/288\/2023\/04\/5_prof.jpg","contentUrl":"https:\/\/wmi.uwr.edu.pl\/wp-content\/uploads\/sites\/288\/2023\/04\/5_prof.jpg"},{"@type":"BreadcrumbList","@id":"https:\/\/wmi.uwr.edu.pl\/en\/english-history\/#breadcrumb","itemListElement":[{"@type":"ListItem","position":1,"name":"Strona g\u0142\u00f3wna","item":"https:\/\/wmi.uwr.edu.pl\/en\/"},{"@type":"ListItem","position":2,"name":"History of the Faculty"}]},{"@type":"WebSite","@id":"https:\/\/wmi.uwr.edu.pl\/#website","url":"https:\/\/wmi.uwr.edu.pl\/","name":"Wydzia\u0142 Matematyki i Informatyki","description":"Kolejna witryna sieci \u201eUWR Witryny\u201d","publisher":{"@id":"https:\/\/wmi.uwr.edu.pl\/#organization"},"potentialAction":[{"@type":"SearchAction","target":{"@type":"EntryPoint","urlTemplate":"https:\/\/wmi.uwr.edu.pl\/?s={search_term_string}"},"query-input":{"@type":"PropertyValueSpecification","valueRequired":true,"valueName":"search_term_string"}}],"inLanguage":"en-US"},{"@type":"Organization","@id":"https:\/\/wmi.uwr.edu.pl\/#organization","name":"Wydzia\u0142 Matematyki i Informatyki","url":"https:\/\/wmi.uwr.edu.pl\/","logo":{"@type":"ImageObject","inLanguage":"en-US","@id":"https:\/\/wmi.uwr.edu.pl\/#\/schema\/logo\/image\/","url":"https:\/\/wmi.uwr.edu.pl\/wp-content\/uploads\/sites\/288\/2025\/10\/UWr-logotyp-2025.png","contentUrl":"https:\/\/wmi.uwr.edu.pl\/wp-content\/uploads\/sites\/288\/2025\/10\/UWr-logotyp-2025.png","width":764,"height":269,"caption":"Wydzia\u0142 Matematyki i Informatyki"},"image":{"@id":"https:\/\/wmi.uwr.edu.pl\/#\/schema\/logo\/image\/"}}]}},"publishpress_future_action":{"enabled":false,"date":"2026-05-21 02:16:16","action":"change-status","newStatus":"draft","terms":[],"taxonomy":"category","extraData":[]},"publishpress_future_workflow_manual_trigger":{"enabledWorkflows":[]},"_links":{"self":[{"href":"https:\/\/wmi.uwr.edu.pl\/en\/wp-json\/wp\/v2\/pages\/39636\/"}],"collection":[{"href":"https:\/\/wmi.uwr.edu.pl\/en\/wp-json\/wp\/v2\/pages\/"}],"about":[{"href":"https:\/\/wmi.uwr.edu.pl\/en\/wp-json\/wp\/v2\/types\/page\/"}],"author":[{"embeddable":true,"href":"https:\/\/wmi.uwr.edu.pl\/en\/wp-json\/wp\/v2\/users\/4152\/"}],"replies":[{"embeddable":true,"href":"https:\/\/wmi.uwr.edu.pl\/en\/wp-json\/wp\/v2\/comments\/?post=39636"}],"version-history":[{"count":6,"href":"https:\/\/wmi.uwr.edu.pl\/en\/wp-json\/wp\/v2\/pages\/39636\/revisions\/"}],"predecessor-version":[{"id":45806,"href":"https:\/\/wmi.uwr.edu.pl\/en\/wp-json\/wp\/v2\/pages\/39636\/revisions\/45806\/"}],"wp:attachment":[{"href":"https:\/\/wmi.uwr.edu.pl\/en\/wp-json\/wp\/v2\/media\/?parent=39636"}],"wp:term":[{"taxonomy":"category","embeddable":true,"href":"https:\/\/wmi.uwr.edu.pl\/en\/wp-json\/wp\/v2\/categories\/?post=39636"},{"taxonomy":"post_tag","embeddable":true,"href":"https:\/\/wmi.uwr.edu.pl\/en\/wp-json\/wp\/v2\/tags\/?post=39636"}],"curies":[{"name":"wp","href":"https:\/\/api.w.org\/{rel}","templated":true}]}}